{"id":1697,"date":"2017-11-24T17:03:27","date_gmt":"2017-11-24T15:03:27","guid":{"rendered":"http:\/\/audium.veebispetsid.com\/?page_id=1697"},"modified":"2025-10-17T12:26:24","modified_gmt":"2025-10-17T09:26:24","slug":"tehtud-tood","status":"publish","type":"page","link":"https:\/\/audium.ee\/en\/tehtud-tood\/","title":{"rendered":"COMPLETED PROJECTS"},"content":{"rendered":"<div class=\"fusion-fullwidth fullwidth-box fusion-builder-row-1 nonhundred-percent-fullwidth non-hundred-percent-height-scrolling\" style=\"--awb-border-radius-top-left:0px;--awb-border-radius-top-right:0px;--awb-border-radius-bottom-right:0px;--awb-border-radius-bottom-left:0px;--awb-flex-wrap:wrap;\" ><div class=\"fusion-builder-row fusion-row\"><div class=\"fusion-layout-column fusion_builder_column fusion-builder-column-0 fusion_builder_column_1_1 1_1 fusion-one-full fusion-column-first fusion-column-last\" style=\"--awb-padding-top:20px;--awb-padding-right:20px;--awb-padding-bottom:20px;--awb-padding-left:20px;--awb-bg-color:#ffffff;--awb-bg-color-hover:#ffffff;--awb-bg-size:cover;\"><div class=\"fusion-column-wrapper fusion-flex-column-wrapper-legacy\"><div class=\"fusion-text fusion-text-1\"><h1 style=\"margin-bottom: 20px; margin-top: 5px;\">Completed and Ongoing Projects: 2009 \u2013 2025<\/h1>\n<ul style=\"margin-top: 25px; line-height: 2.2em;\">\n<li><a href=\"\/en\/elcogen\/\">Elcogen opened a new technology sector factory in J\u00f5el\u00e4htme.<\/a><\/li>\n<li>Circle K \u2013 Owner Supervision for Reconstruction and Construction of Service Stations, 2015\u20132025<\/li>\n<li>Elcogen AS \u2013 New Production Facility, Project Management &amp; Owner Supervision, 2023\u20132025<\/li>\n<li>Vesse Projekt O\u00dc \u2013 Owner Supervision for the Reconstruction of a Commercial and Warehouse Building, Vesse 3, 2025<\/li>\n<li>Baltic Agro Machinery AS \u2013 Project Management and Owner Supervision for the Reconstruction of the M\u00e4ek\u00fcla Service Center, 2024\u20132025<\/li>\n<li>Baltic Agro Machinery AS \u2013 Project Management for the Design of a New Repair Facility, Rukki tee 10, 2024\u20132025<\/li>\n<li>Hammerjack O\u00dc \u2013 Owner Supervision for the Construction of a New Office and Warehouse Building, 2024\u20132025<\/li>\n<li>DAVA Foods Estonia O\u00dc \u2013 Owner Supervision for the Construction of a New Barn for Laying Hens, 2024\u20132025<\/li>\n<li>TKM Kinnisvara AS \u2013 Vapiano at Viimsi Centre, Owner Supervision, 2024\u20132025<\/li>\n<li>Biston O\u00dc \u2013 New Office &amp; Warehouse Building, Design &amp; Construction Project Management + Owner Supervision, 2024\u20132025<\/li>\n<li>W.EG. Eesti \u2013 Organization of the Tender and Owner Supervision for the Construction of the Tallinn Office and Warehouse Complex, 2023\u20132024<\/li>\n<li>TKM Kinnisvara AS \u2013 Project Management for the Design of the New Peetri Selver Centre, 2023\u20132025<\/li>\n<li>Paulig Baltic AS \u2013 Factory Reconstruction, Project Management &amp; Owner Supervision, 2023\u20132024<\/li>\n<li>Reval Auto Esindused O\u00dc \u2013 Project Management and Owner Supervision for the Reconstruction of Office Buildings in Tallinn, 2023\u20132024<\/li>\n<li>W.EG. Eesti \u2013 Tartu Office Construction, Tender Organization &amp; Owner Supervision, 2022\u20132023<\/li>\n<li>TKM Kinnisvara AS \u2013 Organization of the Tender for the Kulinaaria O\u00dc Solar Park Project, 2023<\/li>\n<li>TKM Kinnisvara AS \u2013 Project Management and Owner Supervision for the Construction of the P\u00f5ltsamaa Selver Solar Park, 2023<\/li>\n<li>M\u00e4rjamaa Municipal Government \u2013 Heating System Reconstruction, Owner Supervision, 2023<\/li>\n<li>TKM Kinnisvara AS \u2013 Uku 1a Viljandi Demolition, Owner Supervision, 2023<\/li>\n<li>Neptuun O\u00dc \u2013 Toom-Kuninga 26 Apartment Buildings, Project Management &amp; Owner Supervision, 2022\u20132023<\/li>\n<li>Elcogen AS \u2013 Suur-S\u00f5jam\u00e4e 16 Production Building, Project Management, 2021\u20132023<\/li>\n<li>Kaiu Education Centre \u2013 Owner Supervision for the Reconstruction of Buildings, 2022\u20132023<\/li>\n<li>Pan-Estonian O\u00dc \u2013 Project Management and Owner Supervision for an Office Building and Apartment Building, 2022\u20132023<\/li>\n<li>Tallinna Kaubamaja Kinnisvara AS \u2013 Project Management and Owner Supervision for the Viimsi Centre Solar Park, 2022\u20132023<\/li>\n<li>Bondora Group AS \u2013 Project Management and Owner Supervision for the Construction of Office Buildings, 2022\u20132023<\/li>\n<li>Tallinna Kaubamaja Kinnisvara AS \u2013 Project Management and Owner Supervision for the Pirita Selver Solar Park, 2022<\/li>\n<li>ETRA Balti AS \u2013 Owner Supervision for Warranty Works at the Rakvere Branch and Tallinn Office, 2022<\/li>\n<li>Elering AS \u2013 Eesti Vabariigi 28 Substation, Owner Supervision, 2021\u20132022<\/li>\n<li>Colonna Varahaldus O\u00dc \u2013 Project Management and Owner Supervision for the Construction of a Commercial and Warehouse Building, 2021\u20132022<\/li>\n<li>Riigiressursside Keskus O\u00dc \u2013 Project Management and Owner Supervision for the Construction of a Production Building Extension, 2021\u20132022<\/li>\n<li>Leigiv O\u00dc \u2013 Tender Organization, Project Management, and Owner Supervision for Phases II and III of the Commercial and Warehouse Building, 2021\u20132022<\/li>\n<li>K\u00dc Vahtra 5 \u2013 Tender Organization and Owner Supervision for the Reconstruction of an Apartment Building, 2021<\/li>\n<li>K\u00dc Heina 12 \u2013 Tender Organization and Owner Supervision for the Reconstruction of an Apartment Building, 2021<\/li>\n<li>AS Viimsi Vesi \u2013 Owner Supervision for the Construction of the Administrative and Industrial Building at Paelille tee 1, Lubja Village, 2021<\/li>\n<li>SOS Lastek\u00fcla \u2013 Owner Supervision for Two Family Houses at Tammermaa tee 18, Kulna Village, 2021<\/li>\n<li>Private Client \u2013 Project Management and Owner Supervision for the Construction of a Two-Apartment Residential Building at Vaba\u00f5hukooli tee 42, 2021<\/li>\n<li>K\u00dc Vahtra tee 5 \u2013 Apartment Building Reconstruction, Project Management &amp; Owner Supervision, 2021<\/li>\n<li>AS Remet \u2013 Owner Supervision for the Construction of a Row House at Kaare tee 9, J\u00e4rvek\u00fcla, 2021<\/li>\n<li>AS Erg J\u00e4rva \u2013 Owner Supervision for the Construction of IONITY Electric Vehicle Fast-Charging Stations in H\u00e4\u00e4demeeste and M\u00e4rjamaa, 2020\u20132021<\/li>\n<li>LVM Kinnisvara O\u00dc \u2013 Tender Organization and Owner Supervision for the Construction of Roads and Utility Networks on the Taga-Jaani \/ Suur-Jaani \/ V\u00e4ike-Jaani Land Plots, 2020\u20132021<\/li>\n<li>K\u00dc Toome tee 5 \u2013 Owner Supervision for the Reconstruction of the Apartment Building at Toome tee 5, Loo, 2020\u20132021<\/li>\n<li>AS Salome \u2013 Owner Supervision for the Construction of a Solar Power Plant at Peterburi tee 58, Tallinn, 2020<\/li>\n<li>AS Salome \u2013 Owner Supervision for the Construction of a Solar Power Plant at Kadaka tee 42a, Tallinn, 2020<\/li>\n<li>AS Salome \u2013 Solar Power Plant (Tartu Automaailm, V\u00f5ru 242), Project Management, 2020<\/li>\n<li>AS Salome \u2013 Solar Power Plant (Tallinna mnt 82, P\u00e4rnu), Owner Supervision, 2020<\/li>\n<li>Samelin AS \u2013 Solar Power Plant (Kastani 48, Tartu), Owner Supervision, 2020<\/li>\n<li>Narma O\u00dc \u2013 Solar Power Plant (Raudtee 4, Lihula), Owner Supervision, 2020<\/li>\n<li>Craverdoon Kinnisvara O\u00dc \u2013 Owner Supervision for the Construction of 5\u00d750\u202fkW Solar Power Plants at Vabriku tn 2, P\u00f5lva, 2020<\/li>\n<li>Betoteam O\u00dc \u2013 Owner Supervision for the Construction of 6\u00d740\u202fkW Solar Power Plants at Peetri Property, P\u00e4\u00e4rdu Village, 2020<\/li>\n<li>Betotrade O\u00dc \u2013 Project Management for the Legalization and Documentation Management of a Warehouse Building at Tapri 13, Tallinn, 2020<\/li>\n<li>East Tallinn Central Hospital \u2013 Owner Supervision for the Renovation Works of Parking Lot P7 and Floor 02 of the T-Wing at the Ravi 18 Unit, 2020<\/li>\n<li>Pinska O\u00dc \u2013 Project Management for the Legalization and Documentation Management of a Private House at P\u00f5llu tn 1, P\u00e4rnu, 2020<\/li>\n<li>Erel Group Trading O\u00dc \u2013 Legalization, Documentation Management, and Project Management for an Apartment Building at Mesiheina tee 6, P\u00e4rnu, 2020<\/li>\n<li>Agomer Rehvid O\u00dc \u2013 Owner Supervision for the Construction of Solar Power Plants at Heina tn 3c and Viljandi mnt 67b in Rapla, and Tallinna mnt 2 in Alu, Rapla County, 2020<\/li>\n<li>K\u00dc Toome tee 5 \u2013 Expert Evaluation of Balcony Structures at Toome tee 5, Loo, 2020<\/li>\n<li>K\u00dc Kentmanni 20a \u2013 Owner Supervision for the Reconstruction Works of the Apartment Building at Kentmanni 20a, Tallinn, 2019\u20132020<\/li>\n<li>Treiali Arendus O\u00dc \u2013 Owner Supervision for the Construction of Windak O\u00dc's Production Building at Treiali 3, Peetri (L\u00e4ike tee Technology Park), Rae Municipality, 2019\u20132020<\/li>\n<li>Megaron Kinnisvara O\u00dc \u2013 Owner Supervision for the Construction of Commercial Buildings A and B at Kadaka tee 3, Tallinn, 2019\u20132020<\/li>\n<li>Celisar O\u00dc \u2013 Building Audit and Legalization Procedure for the Property at Luise tn 19, Tallinn, 2019\u20132020<\/li>\n<li>Saku Kiriku Ehitus SA \u2013 Project Management and Owner Supervision for the Construction of the Church at K\u00fc\u00fctsu tn 2, Saku, 2018\u20132020<\/li>\n<li>O-I Estonia AS \u2013 Owner Supervision for the Construction of Warehouse Buildings at Eidapere tee 2, J\u00e4rvakandi, Kehtna Municipality, 2019\u20132020<\/li>\n<li>Ensto Ensek AS \u2013 Owner Supervision for the Reconstruction of the Production Building at Taevakivi tn 3\/5, Tallinn, 2019\u20132020<\/li>\n<li>Domus Kinnisvara P\u00e4\u00e4sk\u00fcla Pesad O\u00dc \u2013 Owner Supervision for the Construction of an Apartment Building at P\u00e4\u00e4sk\u00fcla 15, Tallinn, 2019\u20132020<\/li>\n<li>Domus Kinnisvara Kivim\u00e4e Kodu O\u00dc \u2013 Owner Supervision for the Construction of Semi-Detached Houses at Saueaugu 26 and 28, Alliku Village, 2019\u20132020<\/li>\n<li>Domus Kinnisvara Videviku 15 O\u00dc \u2013 Owner Supervision for the Construction of an Apartment Building at Videviku 15, Tallinn, 2019\u20132020<\/li>\n<li>UAB Vilniaus Duona \u2013 Owner Supervision for the Reconstruction of the Factory at Perk\u016bnkiemio Street 7, Vilnius, 2019\u20132020<\/li>\n<li>Grader Service O\u00dc \u2013 Owner Supervision for the Construction of a Production Building, 2019\u20132020<\/li>\n<li>Lahevesi AS \u2013 Owner Supervision for the Lohusalu Main Water Pipeline, 2019<\/li>\n<li>Kohila State Gymnasium \u2013 Owner Supervision for the Construction Works, 2019<\/li>\n<li>Private Client \u2013 Owner Supervision for the Construction of a Private House at P\u00e4rnu mnt 359, Tallinn, 2019<\/li>\n<li>West Tallinn Central Hospital \u2013 Facade Reconstruction (Wings A\u2013C, Paldiski mnt 68), Owner Supervision, 2019<\/li>\n<li>AS Leibur \u2013 Project Management and Owner Supervision for the Reconstruction of Factory Buildings, 2016\u20132020<\/li>\n<li>O\u00dc M5 \u2013 Owner Supervision for the Construction of an Office Building at Metalli tn 5, Tallinn, 2018\u20132019<\/li>\n<li>Pikksilm O\u00dc \u2013 Owner Supervision for Apartment Buildings at Linnam\u00e4e tee 42a, Tallinn, 2018\u20132019<\/li>\n<li>RMK \u2013 Owner Supervision for the RMK Viimsi Visitor Centre, 2018\u20132019<\/li>\n<li>Bonava Eesti O\u00dc \u2013 Owner Supervision for the Construction of Apartment Buildings at Liikuri 18a and 18b, Tallinn, 2018\u20132019<\/li>\n<li>O\u00dc Utilitas Tallinna Elektrijaam \u2013 Owner Supervision for the District Heating Cooler Block at Tooma 14 \/ V\u00e4omurru 1, Tallinn, 2018<\/li>\n<li>Saaremaa Konverents O\u00dc \u2013 Detailed Planning Procedure for the Property at Aia tee 12, Kehra, Anija Municipality, 2018<\/li>\n<li>AS West Tallinn Central Hospital \u2013 Owner Supervision for the Fa\u00e7ade Reconstruction Works of Wing A at S\u00f5le 23\/1, 2018<\/li>\n<li>PLKV Invest O\u00dc \u2013 Reconstruction Audit and Usage Permit Procedure for Building I at Telliskivi 60, P\u00f5hja-Tallinn District, 2018<\/li>\n<li>Keila City Government \u2013 Owner Supervision for the Keila Waste Station at Uus-Paldiski mnt 2, Keila, 2018<\/li>\n<li>Orkla Eesti AS \u2013 Owner Supervision for the Extension of an Industrial Building at P\u00f5rguv\u00e4lja tee 6, Lehmja, Rae Municipality, 2018<\/li>\n<li>West Tallinn Central Hospital \u2013 Owner Supervision for the Reconstruction of the Urology Department on the 4th Floor of Wing A at Paldiski mnt 68, 2017\u20132018<\/li>\n<li>Ericsson Eesti AS \u2013 Owner Supervision for the Automation and Security Systems of the Production Building, 2017\u20132018<\/li>\n<li>Poku Invest O\u00dc \u2013 Owner Supervision for the Construction of the Hammerjack Office and Warehouse Building at Vae tn 4, Laagri, 2018\u20132019<\/li>\n<li>Eesti Traat O\u00dc \u2013 Office &amp; Production Building (L\u00f5una tee, Saha-Loo), Owner Supervision, 2017\u20132018<\/li>\n<li>Straf O\u00dc \u2013 Office &amp; Warehouse Building (Allika tee 8, Peetri), Owner Supervision, 2017\u20132018<\/li>\n<li>Kuma Arendus O\u00dc \u2013 Owner Supervision for the Construction of an Office and Warehouse Building at Kuma tee 1, Peetri, 2017\u20132018<\/li>\n<li>Kaitseliit (Estonian Defence League) \u2013 Owner Supervision for Various Facilities and Structures, 2014\u20132017<\/li>\n<li>Connexion O\u00dc \u2013 Owner Supervision for the Construction of a Private House in Pedassaare, Neeme Village, 2017\u20132018<\/li>\n<li>Tulipunane O\u00dc \u2013 Audit of Apartment Buildings at Hirvela tn 4, 6, 10, 12, 14, 16, 18, 20, 22, 24, and 26, Sauga, 2017<\/li>\n<li>KIKAS O\u00dc \u2013 Owner Supervision for the Construction of an Industrial Building at Niidu tee 4, Loo, 2017\u20132018<\/li>\n<li>Private Client \u2013 Heritage Protection Supervision for the Facade and Roof Reconstruction, and Audit of Two Apartments at Viru 14, Tallinn, 2017<\/li>\n<li>Tallinna Linnatranspordi AS \u2013 Owner Supervision for the Construction of Fueling Stations, 2017<\/li>\n<li>K\u00dc Gonsiori 3 \u2013 Tender Organization for the Reconstruction of the Apartment Building at Gonsiori 3, Tallinn, 2017<\/li>\n<li>Tallinn City Transport Department \u2013 Owner Supervision for the Construction of Container Fueling Stations, 2017<\/li>\n<li>Euro Kinnisvaraarendus O\u00dc \u2013 Heritage Protection Supervision for the Renovation of Apartment Buildings at Lai tn 9 and 13, Tallinn, 2016\u20132017<\/li>\n<li>Baltresto O\u00dc \u2013 Owner Supervision for the Construction of an Industrial Building Complex at Kaldase tee 2, Maardu, 2016\u20132017<\/li>\n<li>AS Swedest Motel Group \u2013 Owner Supervision for the Reconstruction of the Main Building at Roosta Holiday Village, 2016\u20132017<\/li>\n<li>Bonava Eesti O\u00dc \u2013 Owner Supervision for the Construction of Apartment Buildings at Sinim\u00e4e 16, Tallinn, 2016\u20132017<\/li>\n<li>Avar Capital O\u00dc \u2013 Tender Organization for the Construction of an Office Building at Keskv\u00e4ljak 8, J\u00f5hvi, 2016<\/li>\n<li>Private Client \u2013 Audit of Row House Units at Vanasauna tee 17\/3, Loo, 2016<\/li>\n<li>K\u00dc Nabra 5 \u2013 Owner Supervision for the Reconstruction of the Apartment Building at Nabra tn 5, Tallinn, 2016<\/li>\n<li>Private Client \u2013 Owner Supervision for the Construction of a Private House at P\u00e4rnu mnt 394, Tallinn, 2016<\/li>\n<li>Rauduks O\u00dc \u2013 Owner Supervision for the Construction of a Production Building in Torma, 2016<\/li>\n<li>Private Client \u2013 Owner Supervision for the Construction of a Private House at Merirahu 20, Tallinn, 2015\u20132016<\/li>\n<li>AS Megaron-E \u2013 Owner Supervision for the Construction of a Shopping Centre at K\u00e4rberi tn 20, Tallinn, 2015\u20132016<\/li>\n<li>Bonava Eesti O\u00dc \u2013 Owner Supervision for the Construction of an Apartment Building at Ketraja 3, Tallinn, 2015\u20132016<\/li>\n<li>Private Client \u2013 Audit of a Row House Unit at Riida 15\/6, Tallinn, 2015<\/li>\n<li>Private Clients \u2013 Warranty Inspections of Row House Units at Vibu tee 12\u201318, Rae Municipality, 2015<\/li>\n<li>Private Client \u2013 Tender Organization for the Construction of a Private House at Edu tn 32a, Tallinn, 2015<\/li>\n<li>Private Client \u2013 Owner Supervision for the Construction of a Private House at Paenurme tee 30, Viimsi Municipality, 2015\u20132016<\/li>\n<li>Koriks-Fiiber O\u00dc \u2013 Owner Supervision for the Reconstruction of a Production Building at Kasesalu 22, Saue, 2015<\/li>\n<li>K\u00dc Saturni 4 \u2013 Owner Supervision for the Reconstruction of the Apartment Building at Saturni 4, Tallinn, 2015<\/li>\n<li>Private Client \u2013 Owner Supervision for the Construction of a Private House at M\u00f6ldre tee 33, Tallinn, 2015<\/li>\n<li>Private Client \u2013 Owner Supervision for the Construction of a Private House at Laanelille 3, Saku Municipality, 2015<\/li>\n<li>Exclusive Stone O\u00dc \u2013 Owner Supervision for the Construction of the Vana-Vigala Stone Factory, 2014\u20132015<\/li>\n<li>Meistri Arendus O\u00dc \u2013 Owner Supervision for the Construction of Semi-Detached Houses at Susi tee 2, 4, and 6, Rae Municipality, 2014\u20132015<\/li>\n<li>Private Client \u2013 Owner Supervision for the Reconstruction of a Private House at Roo tn 35, Tallinn, 2014<\/li>\n<li>Tyre Mould O\u00dc \u2013 Audit of an Office Building and Repair Hall at Sinikivi tee 18, Rae Municipality, 2014<\/li>\n<li>Tallinna Elektrijaam O\u00dc \u2013 Owner Supervision for the Construction of an Office Building at Tooma 14 \/ V\u00e4omurru 1, Tallinn, 2014<\/li>\n<li>Four Investment O\u00dc \u2013 Owner Supervision for Row Houses at \u00d6\u00f6biku tee 1b, Rae Municipality, 2013\u20132016<\/li>\n<li>K\u00dc Nurme 18 \u2013 Owner Supervision for the Reconstruction Works of the Apartment Building at Nurme 18, Tallinn, 2013\u20132014<\/li>\n<li>Kiili Municipal Government \u2013 Owner Supervision for the Extension of Kiili Gymnasium, 2013<\/li>\n<li>MT Varahaldus O\u00dc \u2013 Owner Supervision for the Construction of a Private House, 2013<\/li>\n<li>J\u00e4\u00e4tmeproff O\u00dc \u2013 Owner Supervision for the Demolition Works of a Dryer-Warehouse and Weighing Station, 2013<\/li>\n<li>Klaasimeister AS \u2013 Owner Supervision for the Extension of a Production Building, 2012\u20132013<\/li>\n<li>K\u00dc R-Valge Maja \u2013 Owner Supervision for the Reconstruction of the Apartment Building at Raadiojaama tee 1\u20133, \u00dclej\u00f5e Village, 2012\u20132013<\/li>\n<li>Tehnopolis Kinnisvara AS \u2013 Owner Supervision for the Office Building at Akadeemia tee 15b, Tallinn, 2012\u20132013<\/li>\n<li>AS Tallegg \u2013 Owner Supervision for the Reconstruction of the Kulli Poultry Farm in Kadaka Village, Rae Municipality, 2012\u20132013<\/li>\n<li>K\u00dc H\u00e4rjapea 4 \u2013 Owner Supervision for the Reconstruction of the Apartment Building at H\u00e4rjapea 4, Tallinn, 2012<\/li>\n<li>Eesti Energia Jaotusv\u00f5rk O\u00dc \u2013 Owner Supervision for Transformer Substation Sump Foundations, 2011\u20132012<\/li>\n<li>VGP Park Estonia O\u00dc \u2013 Owner Supervision for the \u201cB\u201d Building of the VGP Logistics Park, 2011\u20132012<\/li>\n<li>K\u00dc Jahu 7 \u2013 Owner Supervision for the Reconstruction of the Apartment Building at Jahu 7b, Tallinn, 2011<\/li>\n<li>Rehvimeister AS \u2013 Owner Supervision for the Construction of a Warehouse Building at Killustiku 2, Lagedi, 2011<\/li>\n<li>K\u00dc \u00d5ilme 5 \u2013 Owner Supervision for the Renovation of the Facade and Roof of the Apartment Building at \u00d5ilme 5, Tallinn, 2011<\/li>\n<li>Maurus Ehitus O\u00dc \u2013 Owner Supervision for the Infrastructure of the Linnupesa Development, 2011<\/li>\n<li>K\u00dc P\u00f5hjanael \u2013 Owner Supervision for the Reconstruction Works of the Apartment Building at P\u00f5hja tn 10, Keila, 2011<\/li>\n<li>Tapa Municipal Government \u2013 Owner Supervision for the Reconstruction of the J\u00e4neda Sports Hall, 2010\u20132011<\/li>\n<li>O\u00dc HS ja LT Kliinik \u2013 Owner Supervision for the Renovation of the Clinic on the 1st and 2nd Floors at Mustam\u00e4e tee 55a, 2010\u20132011<\/li>\n<li>AS Tallegg \u2013 Owner Supervision for the Anija Poultry Farm, 2010\u20132011<\/li>\n<li>Private Client \u2013 Owner Supervision for the Construction of a Private House at Lootuse pst 80a, Tallinn, 2010\u20132011<\/li>\n<li>Keila City Government \u2013 Owner Supervision for the \u201cSIPSIK\u201d Daycare Centre at Pae tn 2, Keila, 2010<\/li>\n<li>Ministry of the Environment \u2013 Owner Supervision for the Renovation of the Right Wing on the 3rd Floor at Mustam\u00e4e tee 33, 2010<\/li>\n<li>Klaasimeister AS \u2013 Owner Supervision for the Extension of a Production Building, 2009\u20132010<\/li>\n<\/ul>\n<p>*OJV \u2013 Owner Supervision (Omanikuj\u00e4relevalve)<br \/>*MJV \u2013 Heritage Protection Supervision (Muinsuskaitsej\u00e4relevalve)<br \/>*PJ \u2013 Project Management<\/p>\n<\/div><div class=\"fusion-clearfix\"><\/div><\/div><\/div><\/div><\/div>","protected":false},"excerpt":{"rendered":"","protected":false},"author":2,"featured_media":0,"parent":0,"menu_order":0,"comment_status":"closed","ping_status":"closed","template":"","meta":{"footnotes":""},"class_list":["post-1697","page","type-page","status-publish","hentry"],"_links":{"self":[{"href":"https:\/\/audium.ee\/en\/wp-json\/wp\/v2\/pages\/1697","targetHints":{"allow":["GET"]}}],"collection":[{"href":"https:\/\/audium.ee\/en\/wp-json\/wp\/v2\/pages"}],"about":[{"href":"https:\/\/audium.ee\/en\/wp-json\/wp\/v2\/types\/page"}],"author":[{"embeddable":true,"href":"https:\/\/audium.ee\/en\/wp-json\/wp\/v2\/users\/2"}],"replies":[{"embeddable":true,"href":"https:\/\/audium.ee\/en\/wp-json\/wp\/v2\/comments?post=1697"}],"version-history":[{"count":12,"href":"https:\/\/audium.ee\/en\/wp-json\/wp\/v2\/pages\/1697\/revisions"}],"predecessor-version":[{"id":1990,"href":"https:\/\/audium.ee\/en\/wp-json\/wp\/v2\/pages\/1697\/revisions\/1990"}],"wp:attachment":[{"href":"https:\/\/audium.ee\/en\/wp-json\/wp\/v2\/media?parent=1697"}],"curies":[{"name":"wp","href":"https:\/\/api.w.org\/{rel}","templated":true}]}}